{"id":6835,"date":"2025-09-08T08:57:01","date_gmt":"2025-09-08T06:57:01","guid":{"rendered":"https:\/\/www.skk-seeshaupt.de\/home\/?page_id=6835"},"modified":"2025-09-15T06:48:36","modified_gmt":"2025-09-15T04:48:36","slug":"spendenaufruf","status":"publish","type":"page","link":"https:\/\/www.skk-seeshaupt.de\/home\/?page_id=6835","title":{"rendered":"Spendenaufruf"},"content":{"rendered":"\t\t<div data-elementor-type=\"wp-page\" data-elementor-id=\"6835\" class=\"elementor elementor-6835\" data-elementor-post-type=\"page\">\n\t\t\t\t<div class=\"elementor-element elementor-element-5edddfc e-grid e-con-boxed e-con e-parent\" data-id=\"5edddfc\" data-element_type=\"container\" data-e-type=\"container\">\n\t\t\t\t\t<div class=\"e-con-inner\">\n\t\t\t\t<div class=\"elementor-element elementor-element-e5eb91a elementor-widget__width-inherit elementor-widget elementor-widget-heading\" data-id=\"e5eb91a\" data-element_type=\"widget\" data-e-type=\"widget\" data-widget_type=\"heading.default\">\n\t\t\t\t<div class=\"elementor-widget-container\">\n\t\t\t\t\t<h2 class=\"elementor-heading-title elementor-size-default\"><a href=\"https:\/\/radio-oberland.de\/radio\">SPENDENAUFRUF \u00fcber Radio Oberland<\/a><\/h2>\t\t\t\t<\/div>\n\t\t\t\t<\/div>\n\t\t\t\t\t<\/div>\n\t\t\t\t<\/div>\n\t\t<div class=\"elementor-element elementor-element-0b10bad e-grid e-con-boxed e-con e-parent\" data-id=\"0b10bad\" data-element_type=\"container\" data-e-type=\"container\">\n\t\t\t\t\t<div class=\"e-con-inner\">\n\t\t\t\t<div class=\"elementor-element elementor-element-88e6a84 elementor-widget elementor-widget-text-editor\" data-id=\"88e6a84\" data-element_type=\"widget\" data-e-type=\"widget\" data-widget_type=\"text-editor.default\">\n\t\t\t\t<div class=\"elementor-widget-container\">\n\t\t\t\t\t\t\t\t\t<p>Jede Spende hilft, den Kegelsport in Seeshaupt lebendig zu halten und unsere sportliche Heimat zu sichern. Sie unterst\u00fctzen damit nicht nur unsere aktiven Mitglieder, sondern auch den Nachwuchs und das kulturelle Leben in der Gemeinde.<br \/><br \/>Unsere Kegelabteilung blickt auf \u00fcber 60 Jahre Leidenschaft, Gemeinschaft und sportlichen Erfolg zur\u00fcck. Im Sportzentrum Seeshaupt, auf einer modernen Vier-Bahnen-Anlage, gehen aktuell 59 Mitglieder ihrem Sport nach und pr\u00e4gen das Oberland mit Engagement und Teamgeist.<\/p><p><span style=\"color: #000000;\">Bei R\u00fcckfragen oder zu Informationen zu genaueren finanziellen Daten k\u00f6nnen Sie uns gerne per E-Mail oder telefonisch kontaktieren:<\/span><\/p><p><span style=\"color: #000000;\"><strong>E-Mail: mach-mit@skk-seeshaupt.de<\/strong>\u00a0 \u00a0 \u00a0 \u00a0 \u00a0 \u00a0 \u00a0 \u00a0 \u00a0 \u00a0 \u00a0 \u00a0 \u00a0 \u00a0 \u00a0 \u00a0 \u00a0 \u00a0 \u00a0 \u00a0 \u00a0 \u00a0 \u00a0 \u00a0 \u00a0 \u00a0 \u00a0 \u00a0 \u00a0 \u00a0 \u00a0 \u00a0 \u00a0 \u00a0 \u00a0 \u00a0 \u00a0 \u00a0 \u00a0 \u00a0 \u00a0 \u00a0 \u00a0 \u00a0 \u00a0 \u00a0 \u00a0 \u00a0 \u00a0 \u00a0<strong>Spendenkonto:<br \/><\/strong><span style=\"text-decoration: underline;\">Ansprechpartner:<\/span><strong><br \/><\/strong><\/span><span style=\"color: #000000;\">2. Vorstand, Wassermann Alexander: 0176\/61710523\u00a0 \u00a0 \u00a0 \u00a0 \u00a0 \u00a0 \u00a0 \u00a0 \u00a0 \u00a0 \u00a0 \u00a0 \u00a0 \u00a0 \u00a0 \u00a0 \u00a0 \u00a0 \u00a0 \u00a0 \u00a0 \u00a0 \u00a0 \u00a0 \u00a0 \u00a0 \u00a0 \u00a0 \u00a0 \u00a0 \u00a0 \u00a0 \u00a0 \u00a0 \u00a0VR-Bank Starnberg-Herrsching-Landsberg<\/span><span style=\"color: #000000;\"><br \/>Kassier, Heimerl Tobias: 0171\/7554287\u00a0 \u00a0 \u00a0 \u00a0 \u00a0 \u00a0 \u00a0 \u00a0 \u00a0 \u00a0 \u00a0 \u00a0 \u00a0 \u00a0 \u00a0 \u00a0 \u00a0 \u00a0 \u00a0 \u00a0 \u00a0 \u00a0 \u00a0 \u00a0 \u00a0 \u00a0 \u00a0 \u00a0 \u00a0 \u00a0 \u00a0 \u00a0 \u00a0 \u00a0 \u00a0 \u00a0 \u00a0 \u00a0 \u00a0 \u00a0 \u00a0 \u00a0 \u00a0 \u00a0 \u00a0 \u00a0 \u00a0 IBAN: DE12 7009 3200 0000 0197 20<\/span><\/p><p><span style=\"color: #000000;\">Anstatt mit einer einfachen Spende k\u00f6nnen Sie uns auch mit Sponsoring unterst\u00fctzen. F\u00fcr 150,00 \u20ac im Jahr h\u00e4ngt Ihr Firmenlogo bei uns auf der Kegelbahn, dazu kommt eine Verlinkung f\u00fcr Ihre Homepage auf unserer Website. Aktuell arbeiten wir auch an einer Einbindung unserer Sponsoren in unsere Livestreams.<\/span><\/p>\t\t\t\t\t\t\t\t<\/div>\n\t\t\t\t<\/div>\n\t\t\t\t\t<\/div>\n\t\t\t\t<\/div>\n\t\t<div class=\"elementor-element elementor-element-d5eb2e6 e-grid e-con-boxed e-con e-parent\" data-id=\"d5eb2e6\" data-element_type=\"container\" data-e-type=\"container\">\n\t\t\t\t\t<div class=\"e-con-inner\">\n\t\t\t\t<div class=\"elementor-element elementor-element-6c1c697 elementor-widget elementor-widget-text-editor\" data-id=\"6c1c697\" data-element_type=\"widget\" data-e-type=\"widget\" data-widget_type=\"text-editor.default\">\n\t\t\t\t<div class=\"elementor-widget-container\">\n\t\t\t\t\t\t\t\t\t<h1><span style=\"color: #05b005;\">Das Kegeln<\/span><\/h1><div><p><span style=\"color: #000000;\">Kegeln ist eine Pr\u00e4zisionssportart, welche Technik, Kraft und Ausdauer vereint.<\/span><\/p><\/div><div><span style=\"color: #000000;\">Das Kegeln gilt als eine der \u00e4ltesten Ziel-Wurf-Spiele, erste Belege wurden in einem \u00e4gyptischen Kindergrab um die Zeit 3.500 v. Chr. gefunden. Das Kegeln hat sich seitdem deutlich weiter entwickelt, im fr\u00fchen 19. Jahrhundert wurden die ersten Kegelklubs gegr\u00fcndet.<\/span><\/div><p><span style=\"color: #000000;\">Mehr \u00fcber die Geschichte des Kegelns finden Sie<\/span> <a href=\"https:\/\/www.kegelnundbowling.de\/seite\/471053\/geschichte-des-kegelns.html\">hier<\/a>.<\/p>\t\t\t\t\t\t\t\t<\/div>\n\t\t\t\t<\/div>\n\t\t\t\t<div class=\"elementor-element elementor-element-8ae6ac4 elementor-widget elementor-widget-image\" data-id=\"8ae6ac4\" data-element_type=\"widget\" data-e-type=\"widget\" data-widget_type=\"image.default\">\n\t\t\t\t<div class=\"elementor-widget-container\">\n\t\t\t\t\t\t\t\t\t\t\t\t\t\t\t<img fetchpriority=\"high\" decoding=\"async\" width=\"940\" height=\"677\" src=\"https:\/\/www.skk-seeshaupt.de\/wp-content\/uploads\/2025\/09\/Bahn2-1024x737.png\" class=\"attachment-large size-large wp-image-6980\" alt=\"\" srcset=\"https:\/\/www.skk-seeshaupt.de\/wp-content\/uploads\/2025\/09\/Bahn2-1024x737.png 1024w, https:\/\/www.skk-seeshaupt.de\/wp-content\/uploads\/2025\/09\/Bahn2-300x216.png 300w, https:\/\/www.skk-seeshaupt.de\/wp-content\/uploads\/2025\/09\/Bahn2-768x553.png 768w, https:\/\/www.skk-seeshaupt.de\/wp-content\/uploads\/2025\/09\/Bahn2.png 1500w\" sizes=\"(max-width: 940px) 100vw, 940px\" \/>\t\t\t\t\t\t\t\t\t\t\t\t\t\t\t<\/div>\n\t\t\t\t<\/div>\n\t\t\t\t<div class=\"elementor-element elementor-element-6edb400 elementor-widget elementor-widget-image\" data-id=\"6edb400\" data-element_type=\"widget\" data-e-type=\"widget\" data-widget_type=\"image.default\">\n\t\t\t\t<div class=\"elementor-widget-container\">\n\t\t\t\t\t\t\t\t\t\t\t\t\t\t\t<img decoding=\"async\" width=\"940\" height=\"677\" src=\"https:\/\/www.skk-seeshaupt.de\/wp-content\/uploads\/2025\/09\/Kegelbahn-1024x737.png\" class=\"attachment-large size-large wp-image-6979\" alt=\"\" srcset=\"https:\/\/www.skk-seeshaupt.de\/wp-content\/uploads\/2025\/09\/Kegelbahn-1024x737.png 1024w, https:\/\/www.skk-seeshaupt.de\/wp-content\/uploads\/2025\/09\/Kegelbahn-300x216.png 300w, https:\/\/www.skk-seeshaupt.de\/wp-content\/uploads\/2025\/09\/Kegelbahn-768x553.png 768w, https:\/\/www.skk-seeshaupt.de\/wp-content\/uploads\/2025\/09\/Kegelbahn.png 1500w\" sizes=\"(max-width: 940px) 100vw, 940px\" \/>\t\t\t\t\t\t\t\t\t\t\t\t\t\t\t<\/div>\n\t\t\t\t<\/div>\n\t\t\t\t<div class=\"elementor-element elementor-element-790fbe9 elementor-widget elementor-widget-text-editor\" data-id=\"790fbe9\" data-element_type=\"widget\" data-e-type=\"widget\" data-widget_type=\"text-editor.default\">\n\t\t\t\t<div class=\"elementor-widget-container\">\n\t\t\t\t\t\t\t\t\t<h1><span style=\"color: #05b005;\">Die Kegelabteilung\u00a0<\/span><\/h1><p><span style=\"color: #000000;\">Gegr\u00fcndet wurde die Kegelabteilung im FC Seeshaupt 1964 von unseren 16 Kegelfreunden. Seitdem hat sich die Abteilung weiterentwickelt. Jedoch sind auch wir, wie viele andere Kegelvereine, von einem Mitgliederr\u00fcckgang betroffen. Die aktuelle Mitgliederzahl betr\u00e4gt 59 Sportbegeisterte, darunter eine Jugendliche und drei ausgebildete \u00dcbungsleiter.<\/span><\/p><p>Selbstverst\u00e4ndlich engagieren wir uns auch innerhalb der Gemeinde, so organisieren wir jedes Jahr eine Aktion f\u00fcr das Sommerferienprogramm und haben vom Anfang bis zum Ende bei der Altpapiersammlung t\u00e4tig.<\/p>\t\t\t\t\t\t\t\t<\/div>\n\t\t\t\t<\/div>\n\t\t\t\t<div class=\"elementor-element elementor-element-b895e75 elementor-widget elementor-widget-text-editor\" data-id=\"b895e75\" data-element_type=\"widget\" data-e-type=\"widget\" data-widget_type=\"text-editor.default\">\n\t\t\t\t<div class=\"elementor-widget-container\">\n\t\t\t\t\t\t\t\t\t<h1><span style=\"color: #05b005;\">Sportliche Erfolge<\/span><\/h1><div><span style=\"color: #000000;\">&#8211; Aufstieg der 1. Damenmannschaft in die 2. Bundesliga S\u00fcd 2025<br \/>&#8211; Bayerische Vizemeister Tandem Mixed international 2024<br \/>\u00a0 \u00a0 Resch Regina &amp; Rohrmeier Manuel (SKC Stephansposching)<br \/>&#8211; Meistertitel der 1. Damenmannschaft in der Bayernliga S\u00fcd 2024<\/span><\/div><div><span style=\"color: #000000;\">&#8211; BY Meisterinnen Tandem Frauen 2023: Resch Regina &amp; Ramona<\/span><\/div><div><span style=\"color: #000000;\">&#8211; Bayerische Vizemeisterin Sprint 2023: Resch Regina<\/span><br \/><span style=\"color: #000000;\">&#8211; Bayerische Vizemeisterin U14 2023: Waitz Amy<\/span><\/div>\t\t\t\t\t\t\t\t<\/div>\n\t\t\t\t<\/div>\n\t\t\t\t<div class=\"elementor-element elementor-element-b207b92 elementor-widget elementor-widget-image\" data-id=\"b207b92\" data-element_type=\"widget\" data-e-type=\"widget\" data-widget_type=\"image.default\">\n\t\t\t\t<div class=\"elementor-widget-container\">\n\t\t\t\t\t\t\t\t\t\t\t\t\t\t\t<img decoding=\"async\" width=\"940\" height=\"677\" src=\"https:\/\/www.skk-seeshaupt.de\/wp-content\/uploads\/2025\/09\/Mannschaften-1024x737.png\" class=\"attachment-large size-large wp-image-6981\" alt=\"\" srcset=\"https:\/\/www.skk-seeshaupt.de\/wp-content\/uploads\/2025\/09\/Mannschaften-1024x737.png 1024w, https:\/\/www.skk-seeshaupt.de\/wp-content\/uploads\/2025\/09\/Mannschaften-300x216.png 300w, https:\/\/www.skk-seeshaupt.de\/wp-content\/uploads\/2025\/09\/Mannschaften-768x553.png 768w, https:\/\/www.skk-seeshaupt.de\/wp-content\/uploads\/2025\/09\/Mannschaften.png 1500w\" sizes=\"(max-width: 940px) 100vw, 940px\" \/>\t\t\t\t\t\t\t\t\t\t\t\t\t\t\t<\/div>\n\t\t\t\t<\/div>\n\t\t\t\t\t<\/div>\n\t\t\t\t<\/div>\n\t\t<div class=\"elementor-element elementor-element-717dfd9 e-flex e-con-boxed e-con e-parent\" data-id=\"717dfd9\" data-element_type=\"container\" data-e-type=\"container\">\n\t\t\t\t\t<div class=\"e-con-inner\">\n\t\t\t\t<div class=\"elementor-element elementor-element-530e28a elementor-widget elementor-widget-text-editor\" data-id=\"530e28a\" data-element_type=\"widget\" data-e-type=\"widget\" data-widget_type=\"text-editor.default\">\n\t\t\t\t<div class=\"elementor-widget-container\">\n\t\t\t\t\t\t\t\t\t<h1><span style=\"color: #05b005;\">Die finanzielle Situation<\/span><\/h1><p>J\u00e4hrlich m\u00fcssen wir Fixkosten von rund 15.000 \u20ac stemmen \u2013 darunter Miete, Nebenkosten, Versicherungen, Meldegeb\u00fchren und die laufende Tilgung eines Kredits von 50.000 \u20ac f\u00fcr den Bau unserer Kegelbahnen. Die Einnahmen aus Mitgliedsbeitr\u00e4gen, Veranstaltungen und Bahngeld belaufen sich auf etwa 7.500 \u20ac pro Jahr. Leider konnten wir r\u00fcckl\u00e4ufige Erl\u00f6se, beispielsweise durch den Wegfall der Papiersammlung, nicht kompensieren. Zuletzt kam eine unerwartete Nebenkosten Nachzahlung von knapp 7.000 \u20ac hinzu.<\/p><p>F\u00fcr genauere Zahlen und weitere Informationen (Woher kommen unsere Einnahmen, wof\u00fcr geben wir das Geld aus) bitten wir Sie mit uns Kontakt aufzunehmen.<\/p>\t\t\t\t\t\t\t\t<\/div>\n\t\t\t\t<\/div>\n\t\t\t\t\t<\/div>\n\t\t\t\t<\/div>\n\t\t<div class=\"elementor-element elementor-element-ba03b10 e-flex e-con-boxed e-con e-parent\" data-id=\"ba03b10\" data-element_type=\"container\" data-e-type=\"container\">\n\t\t\t\t\t<div class=\"e-con-inner\">\n\t\t\t\t\t<\/div>\n\t\t\t\t<\/div>\n\t\t\t\t<\/div>\n\t\t","protected":false},"excerpt":{"rendered":"<p>SPENDENAUFRUF \u00fcber Radio Oberland Jede Spende hilft, den Kegelsport in Seeshaupt lebendig zu halten und unsere sportliche Heimat zu sichern. Sie unterst\u00fctzen damit nicht nur unsere aktiven Mitglieder, sondern auch den Nachwuchs und das kulturelle Leben in der Gemeinde. Unsere Kegelabteilung blickt auf \u00fcber 60 Jahre Leidenschaft, Gemeinschaft und sportlichen Erfolg zur\u00fcck. Im Sportzentrum Seeshaupt, [&hellip;]<\/p>\n","protected":false},"author":3,"featured_media":0,"parent":0,"menu_order":0,"comment_status":"closed","ping_status":"closed","template":"","meta":{"_mc_calendar":[],"footnotes":""},"class_list":["post-6835","page","type-page","status-publish","hentry"],"_links":{"self":[{"href":"https:\/\/www.skk-seeshaupt.de\/home\/index.php?rest_route=\/wp\/v2\/pages\/6835","targetHints":{"allow":["GET"]}}],"collection":[{"href":"https:\/\/www.skk-seeshaupt.de\/home\/index.php?rest_route=\/wp\/v2\/pages"}],"about":[{"href":"https:\/\/www.skk-seeshaupt.de\/home\/index.php?rest_route=\/wp\/v2\/types\/page"}],"author":[{"embeddable":true,"href":"https:\/\/www.skk-seeshaupt.de\/home\/index.php?rest_route=\/wp\/v2\/users\/3"}],"replies":[{"embeddable":true,"href":"https:\/\/www.skk-seeshaupt.de\/home\/index.php?rest_route=%2Fwp%2Fv2%2Fcomments&post=6835"}],"version-history":[{"count":28,"href":"https:\/\/www.skk-seeshaupt.de\/home\/index.php?rest_route=\/wp\/v2\/pages\/6835\/revisions"}],"predecessor-version":[{"id":6987,"href":"https:\/\/www.skk-seeshaupt.de\/home\/index.php?rest_route=\/wp\/v2\/pages\/6835\/revisions\/6987"}],"wp:attachment":[{"href":"https:\/\/www.skk-seeshaupt.de\/home\/index.php?rest_route=%2Fwp%2Fv2%2Fmedia&parent=6835"}],"curies":[{"name":"wp","href":"https:\/\/api.w.org\/{rel}","templated":true}]}}