{"id":33,"date":"2013-11-16T12:24:37","date_gmt":"2013-11-16T10:24:37","guid":{"rendered":"http:\/\/www.skk-seeshaupt.de\/?page_id=33"},"modified":"2013-11-16T16:34:45","modified_gmt":"2013-11-16T14:34:45","slug":"chronik","status":"publish","type":"page","link":"https:\/\/www.skk-seeshaupt.de\/home\/?page_id=33","title":{"rendered":"Chronik"},"content":{"rendered":"<p style=\"text-align: center;\"><strong>Gr\u00fcndung am 10.01.1964<\/strong><br \/>\nunter Versammlungsleiter Hermann Strobl, dem damaligen 2. Vorstand des FC Seeshaupt.<\/p>\n<div class=\"divider\"><span class=\"divider-line\"><\/span><span class=\"divider-color\"><\/span><\/div>\nGR\u00dcNDUNGSMITGLIEDER: Willi Braun, Georg Bl\u00f6dt, Rudolf Grill, Michael Jackiw, Hans Kirner sen., Helene K\u00fchn, Manfred K\u00fchn, Hubert Lechner, Ernst Lidl, Erwin Maierthaler, Julius Nie\u00dfner, Georg Reischl, Heinz Rothemund, Emil Sexl, Hermann Strobl, Alfred Wintergerst.<\/p>\n<p>DIE ERSTE VORSTANDSCHAFT AM 10.01.1964<\/p>\n<p>1. Abteilungsvorstand Willi Braun<\/p>\n<p>2. Abteilungsvorstand Ernst Lidl<\/p>\n<p>Sportwart Erwin Maierthaler<br \/>\nSchriftf\u00fchrer Manfred K\u00fchn<br \/>\nKassier Ernst Lidl<\/p>\n<p>DIE ABTEILUNGSLEITER SEIT DER GR\u00dcNDUNG:<\/p>\n<p>1964 Willi Braun ab 21.08.1964 Hubert Lechner<\/p>\n<p>1964-1970 Hubert Lechner<br \/>\n1971-1975 G\u00fcnter Sexl ab Mitte 1975 Erich Haid<br \/>\n1975-1978 Erich Haid<br \/>\n1979-1982 Willi Stuhlfauth<br \/>\n1983-1986 G\u00fcnter Rathgeb<br \/>\nseit 1987 G\u00fcnter Sexl<\/p>\n<p>Am 01.02.1972 konstituierte sich die Damenabteilung und nahm im darauffolgendem Herbst mit zwei Mannschaften an der Punkterunde teil.<\/p>\n<p>GR\u00dcNDUNGSMITGLIEDER: Ursula Haid, Anna Koch, Anni Becht, Resi,Grahammer, Anneliese Emeljaoff, Inge St\u00fctzel, Irene Sexl, Irma Sexl, Frau Bolte, Frau Schnaderbeck, Frau Habich sen.<\/p>\n<div class=\"divider\"><span class=\"divider-line\"><\/span><span class=\"divider-color\"><\/span><\/div>\n<p><strong>1974<\/strong><br \/>\nIm M\u00e4rz wurde anl\u00e4\u00dflich des 10 j\u00e4hrigen Bestehens der Abtlg. Kegeln ein Jubil\u00e4umsturnier f\u00fcr Sport und Privatkegler durchgef\u00fchrt.<\/p>\n<div class=\"divider\"><span class=\"divider-line\"><\/span><span class=\"divider-color\"><\/span><\/div>\n<p><strong>1977<\/strong><br \/>\nerfolgte durch Initiative von G\u00fcnter Sexl die Gr\u00fcndung einer Jugendgruppe mit siebzehn Jugendlichen. In Ermangelung von Jugendlichen in anderen Clubs und Vereinen nahmen unsere Jugendspieler nur an den Bezirks und Bayerischen Meisterschaften teil.<\/p>\n<div class=\"divider\"><span class=\"divider-line\"><\/span><span class=\"divider-color\"><\/span><\/div>\n<p><strong>1980<\/strong><br \/>\nwurde der Asphaltbelag durch einen gr\u00fcnen Kunststoff-Belag auf den Bahnen ersetzt. Gestiftet von unserer Wirtin Fanny Seidl.<\/p>\n<div class=\"divider\"><span class=\"divider-line\"><\/span><span class=\"divider-color\"><\/span><\/div>\n<p><strong>1982<\/strong><br \/>\nwurde vom damaligem Vorstand Willi Stuhlfauth die Seeshaupter Dorfmeisterschaft im Kegeln ins Leben gerufen. Als Schirmherren konnte er unseren ersten B\u00fcrgermeister Herrn Richard Gleich gewinnen. Herr Gleich nimmt die Funktion des Schirmherren im Jahr 2000 zum neunzehnten Male ein.<\/p>\n<div class=\"divider\"><span class=\"divider-line\"><\/span><span class=\"divider-color\"><\/span><\/div>\n<p><strong>1982<\/strong><br \/>\nfeierten unsere Keglerdamen im kleinen Rahmen ihr zehnj\u00e4hriges Bestehen.<\/p>\n<div class=\"divider\"><span class=\"divider-line\"><\/span><span class=\"divider-color\"><\/span><\/div>\n<p><strong>1984<\/strong><br \/>\nDer Zuschauerraum der Kegelbahn wurde erweitert. Im September fand ein Jubil\u00e4umsturnier zehn Jahre Damen , zwanzig Jahre Herren statt. Achtundvierzig Mannschaften aus dem Zugspitzkreis folgten unserer Einladung.<\/p>\n<div class=\"divider\"><span class=\"divider-line\"><\/span><span class=\"divider-color\"><\/span><\/div>\n<p><strong>1985<\/strong><br \/>\nDer Hermann Strobl Pokal wird zum erstenmal durch einen ausgelosten Paarwettbewerb ausgespielt.<\/p>\n<div class=\"divider\"><span class=\"divider-line\"><\/span><span class=\"divider-color\"><\/span><\/div>\n<p><strong>1988<\/strong><br \/>\nVom 08.12. bis 16.12.1988 wurde anl\u00e4\u00dflich des zehnten Todestages von unserem Sportkamaraden Uli Seidl ein Ged\u00e4chtnisturnier durchgef\u00fchrt.<\/p>\n<div class=\"divider\"><span class=\"divider-line\"><\/span><span class=\"divider-color\"><\/span><\/div>\n<p><strong>1989<\/strong><br \/>\nwurde im gro\u00dfen Rahmen das f\u00fcnfundzwanzigj\u00e4hrige Jubil\u00e4um gefeiert. Unsere Gr\u00fcndungsmitglieder wurden dementsprechend geehrt.<\/p>\n<div class=\"divider\"><span class=\"divider-line\"><\/span><span class=\"divider-color\"><\/span><\/div>\n<p><strong>1993<\/strong><br \/>\nkonnten wir den gr\u00f6\u00dften sportlichen Erfolg unserer Vereinsgeschichte durch unsere Juniorin Brigitte Seidler feiern.<\/p>\n<p>Kreismeisterschaft Erster Platz<br \/>\nBezirksmeisterschaft Erster Platz<br \/>\nBayerische Meisterschaft in M\u00fcnchen Zweiter Platz<br \/>\nDeutsche Meisterschaft in Viernheim Siebter Platz<\/p>\n<div class=\"divider\"><span class=\"divider-line\"><\/span><span class=\"divider-color\"><\/span><\/div>\n<p><strong>1994<\/strong><br \/>\nDas drei\u00dfigj\u00e4hrige Jubil\u00e4um wurde mit einem Turnier mit anschlie\u00dfender Siegerehrung durchgef\u00fchrt.<\/p>\n<div class=\"divider\"><span class=\"divider-line\"><\/span><span class=\"divider-color\"><\/span><\/div>\n<p><strong>1997<\/strong><br \/>\nVom 12.04. bis 19.04. wurde das f\u00fcnfundzwanzigj\u00e4hrige Bestehen unserer Keglerdamen gefeiert. Bei der Siegerehrung des Jubil\u00e4umsturnier wurden die Gr\u00fcndungsmitglieder unserer Damen mit der Verleihung der Ehrennadel durch den DKB, BLSV und unserem Club geehrt.<\/p>\n<p>Uschi Haid stach bei der Laudatio \u00fcber die Gr\u00fcndung und die Geschichte der Damenabteilung hervor. Spitze ist das von ihr gef\u00fchrte Chronikbuch von 1972 an.<\/p>\n<div class=\"divider\"><span class=\"divider-line\"><\/span><span class=\"divider-color\"><\/span><\/div>\n<p><strong>1999<\/strong><br \/>\nNach 1993 steigt die 1. Herrenmannschaft zum zweiten Mal in der Vereinsgeschichte in die Bezirksliga Oberbayern auf.<\/p>\n<div class=\"divider\"><span class=\"divider-line\"><\/span><span class=\"divider-color\"><\/span><\/div>\n<p><strong>2001<\/strong><br \/>\nZum ersten Mal in der Vereinsgeschichte gewinnt die 1. Damenmannschaft und die 1. Herrenmannschaft den Zugspitzpokal<\/p>\n<div class=\"divider\"><span class=\"divider-line\"><\/span><span class=\"divider-color\"><\/span><\/div>\n<p><strong>2002<\/strong><br \/>\nBei der Jahreshauptversammlung am 10.03.2002 scheidet G\u00fcnter Sexl, nach 34-j\u00e4hriger ununterbrochener Zugeh\u00f6rigkeit zur Vorstandschaft (davon die letzten 15 Jahre als 1. Vorstand) aus der aktuellen Vorstandschaft aus.<br \/>\nG\u00fcnter Sexl wird f\u00fcr seine herausragenden Verdienste als erstes Mitglied im FC Seeshaupt zum Ehrenvorstand ernannt.<br \/>\nVom 06. \u2013 13. April 2002 wurde das 30-j\u00e4hrige Damenjubil\u00e4um mit einem Jubi- l\u00e4umsturnier gefeiert. Uschi Haid stach bei der Laudatio \u00fcber die Gr\u00fcndung und Geschichte der Damenabteilung hervor. Das von ihr gef\u00fchrte Chronikbuch von 1972 an wurde unserem Ehrenvorstand G\u00fcnter Sexl als Erinnerung \u00fcberreicht.<\/p>\n","protected":false},"excerpt":{"rendered":"<p>Gr\u00fcndung am 10.01.1964 unter Versammlungsleiter Hermann Strobl, dem damaligen 2. Vorstand des FC Seeshaupt. GR\u00dcNDUNGSMITGLIEDER: Willi Braun, Georg Bl\u00f6dt, Rudolf Grill, Michael Jackiw, Hans Kirner sen., Helene K\u00fchn, Manfred K\u00fchn, Hubert Lechner, Ernst Lidl, Erwin Maierthaler, Julius Nie\u00dfner, Georg Reischl, Heinz Rothemund, Emil Sexl, Hermann Strobl, Alfred Wintergerst. DIE ERSTE VORSTANDSCHAFT AM 10.01.1964 1. Abteilungsvorstand [&hellip;]<\/p>\n","protected":false},"author":1,"featured_media":0,"parent":19,"menu_order":0,"comment_status":"open","ping_status":"open","template":"","meta":{"_mc_calendar":[],"footnotes":""},"class_list":["post-33","page","type-page","status-publish","hentry"],"_links":{"self":[{"href":"https:\/\/www.skk-seeshaupt.de\/home\/index.php?rest_route=\/wp\/v2\/pages\/33","targetHints":{"allow":["GET"]}}],"collection":[{"href":"https:\/\/www.skk-seeshaupt.de\/home\/index.php?rest_route=\/wp\/v2\/pages"}],"about":[{"href":"https:\/\/www.skk-seeshaupt.de\/home\/index.php?rest_route=\/wp\/v2\/types\/page"}],"author":[{"embeddable":true,"href":"https:\/\/www.skk-seeshaupt.de\/home\/index.php?rest_route=\/wp\/v2\/users\/1"}],"replies":[{"embeddable":true,"href":"https:\/\/www.skk-seeshaupt.de\/home\/index.php?rest_route=%2Fwp%2Fv2%2Fcomments&post=33"}],"version-history":[{"count":6,"href":"https:\/\/www.skk-seeshaupt.de\/home\/index.php?rest_route=\/wp\/v2\/pages\/33\/revisions"}],"predecessor-version":[{"id":103,"href":"https:\/\/www.skk-seeshaupt.de\/home\/index.php?rest_route=\/wp\/v2\/pages\/33\/revisions\/103"}],"up":[{"embeddable":true,"href":"https:\/\/www.skk-seeshaupt.de\/home\/index.php?rest_route=\/wp\/v2\/pages\/19"}],"wp:attachment":[{"href":"https:\/\/www.skk-seeshaupt.de\/home\/index.php?rest_route=%2Fwp%2Fv2%2Fmedia&parent=33"}],"curies":[{"name":"wp","href":"https:\/\/api.w.org\/{rel}","templated":true}]}}